{"id":837,"date":"2017-10-09T10:32:16","date_gmt":"2017-10-09T10:32:16","guid":{"rendered":"http:\/\/www.marmarinos.gr\/gkaleri\/"},"modified":"2019-12-01T20:17:19","modified_gmt":"2019-12-01T18:17:19","slug":"galerie","status":"publish","type":"page","link":"https:\/\/www.marmarinos.gr\/fr\/galerie\/","title":{"rendered":"GALERIE"},"content":{"rendered":"<p>La Galerie, o\u00f9 vous pourrez voir de pr\u00e8s et acqu\u00e9rir des \u0153uvres de Petros Marmarinos, se situe \u00e0 l\u2019entr\u00e9e du village, face au Mus\u00e9e des Artistes de Tinos et au Mus\u00e9e Yannoulis Chalepas.<\/p>\n<p>Vous y trouverez diff\u00e9rents types d\u2019\u0153uvres, grandes ou petites, de style classique ou contemporain. A noter qu\u2019outre les objets expos\u00e9s \u00e0 la vente, vous pouvez \u00e9galement passer des commandes particuli\u00e8res. Tous les objets sont livrables partout dans le monde, quelle que soit leur taille.<\/p>\n","protected":false},"excerpt":{"rendered":"<p>La Galerie, o\u00f9 vous pourrez voir de pr\u00e8s et acqu\u00e9rir des \u0153uvres de Petros Marmarinos, se situe \u00e0 l\u2019entr\u00e9e du village, face au Mus\u00e9e des Artistes de Tinos et au Mus\u00e9e Yannoulis Chalepas. Vous y trouverez diff\u00e9rents types d\u2019\u0153uvres, grandes ou petites, de style classique ou contemporain. A noter qu\u2019outre les objets expos\u00e9s \u00e0 la [&hellip;]<\/p>\n","protected":false},"author":1,"featured_media":1200,"parent":0,"menu_order":11,"comment_status":"closed","ping_status":"closed","template":"","meta":[],"_links":{"self":[{"href":"https:\/\/www.marmarinos.gr\/fr\/wp-json\/wp\/v2\/pages\/837"}],"collection":[{"href":"https:\/\/www.marmarinos.gr\/fr\/wp-json\/wp\/v2\/pages"}],"about":[{"href":"https:\/\/www.marmarinos.gr\/fr\/wp-json\/wp\/v2\/types\/page"}],"author":[{"embeddable":true,"href":"https:\/\/www.marmarinos.gr\/fr\/wp-json\/wp\/v2\/users\/1"}],"replies":[{"embeddable":true,"href":"https:\/\/www.marmarinos.gr\/fr\/wp-json\/wp\/v2\/comments?post=837"}],"version-history":[{"count":3,"href":"https:\/\/www.marmarinos.gr\/fr\/wp-json\/wp\/v2\/pages\/837\/revisions"}],"predecessor-version":[{"id":1236,"href":"https:\/\/www.marmarinos.gr\/fr\/wp-json\/wp\/v2\/pages\/837\/revisions\/1236"}],"wp:featuredmedia":[{"embeddable":true,"href":"https:\/\/www.marmarinos.gr\/fr\/wp-json\/wp\/v2\/media\/1200"}],"wp:attachment":[{"href":"https:\/\/www.marmarinos.gr\/fr\/wp-json\/wp\/v2\/media?parent=837"}],"curies":[{"name":"wp","href":"https:\/\/api.w.org\/{rel}","templated":true}]}}