{"id":858,"date":"2017-10-09T10:22:11","date_gmt":"2017-10-09T10:22:11","guid":{"rendered":"http:\/\/www.marmarinos.gr\/viografiko\/"},"modified":"2018-06-28T08:47:12","modified_gmt":"2018-06-28T08:47:12","slug":"biographie","status":"publish","type":"page","link":"https:\/\/www.marmarinos.gr\/fr\/biographie\/","title":{"rendered":"BIOGRAPHIE"},"content":{"rendered":"<p><em>\u00ab\u00a0Cr\u00e9er quelque chose de nouveau par la forme ou l\u2019usage \u00e0 partir de m\u00e9thodes classiques et \u00e9prouv\u00e9es a toujours \u00e9t\u00e9 un d\u00e9fi majeur.\u00a0<\/em><em>A Tinos et dans le village de Pyrgos, l\u2019art de la sculpture sur marbre se perp\u00e9tue avec les m\u00eames techniques depuis l\u2019Antiquit\u00e9.\u00a0\u00bb<\/em><\/p>\n<p>Petros Marmarinos est n\u00e9 \u00e0 Pyrgos, Tinos, en 1970. Son lyc\u00e9e termin\u00e9, il entre \u00e0 l\u2019Ecole des Beaux-Arts de Pyrgos, poursuivant ainsi la tradition artistique familiale. Le village de Pyrgos, connu comme foyer de la sculpture grecque sur marbre, a form\u00e9 de grands artistes dont les \u0153uvres sont aujourd\u2019hui dispers\u00e9es entre la Gr\u00e8ce et l\u2019\u00e9tranger. Cet h\u00e9ritage lui a valu de figurer sur la liste des Tr\u00e9sors du patrimoine culturel immat\u00e9riel de l\u2019UNESCO.<\/p>\n<p>L\u2019artiste exploite son propre atelier avec galerie depuis 1995. Il est aussi un membre actif de la Communaut\u00e9 historique de Pyrgos, qui perp\u00e9tue la tradition de la sculpture sur marbre.<\/p>\n<p>Il r\u00e9alise, sur commande ou selon inspiration, des \u0153uvres de tailles diverses, ainsi que des projets de d\u00e9coration d\u2019espaces int\u00e9rieurs et ext\u00e9rieurs. Les \u0153uvres les plus caract\u00e9ristiques de Marmarinos sont ses colombes de marbre blanc et ses bateaux qui rappellent les bateaux en papier. Sans oublier les plats et tables de marbre orn\u00e9s de grenades, d\u2019olives, d\u2019\u00e9pis ou de raisin, ou encore ses verres \u00e0 raki. Autant d\u2019objets qui se d\u00e9clinent en marbre naturel ou en marbre peint, en clin d\u2019\u0153il \u00e0 l\u2019h\u00e9ritage de la Gr\u00e8ce antique.<\/p>\n<p>Dans son travail, il conjugue l\u2019ancien et le moderne, la pierre et le marbre, le contraste et l\u2019harmonie, la lumi\u00e8re et l\u2019ombre \u2026 Avec toujours une empreinte tr\u00e8s personnelle dans les motifs.<\/p>\n<p>Marmarinos a pris part \u00e0 de nombreuses expositions, qui lui ont valu une certaine publicit\u00e9 dans la presse et les m\u00e9dias t\u00e9l\u00e9vis\u00e9s. Ses \u0153uvres ont trouv\u00e9 leur place dans quantit\u00e9 d\u2019espaces et collections priv\u00e9s en Gr\u00e8ce et \u00e0 l\u2019\u00e9tranger.<\/p>\n","protected":false},"excerpt":{"rendered":"<p>\u00ab\u00a0Cr\u00e9er quelque chose de nouveau par la forme ou l\u2019usage \u00e0 partir de m\u00e9thodes classiques et \u00e9prouv\u00e9es a toujours \u00e9t\u00e9 un d\u00e9fi majeur.\u00a0A Tinos et dans le village de Pyrgos, l\u2019art de la sculpture sur marbre se perp\u00e9tue avec les m\u00eames techniques depuis l\u2019Antiquit\u00e9.\u00a0\u00bb Petros Marmarinos est n\u00e9 \u00e0 Pyrgos, Tinos, en 1970. Son lyc\u00e9e [&hellip;]<\/p>\n","protected":false},"author":1,"featured_media":115,"parent":0,"menu_order":4,"comment_status":"closed","ping_status":"closed","template":"","meta":[],"_links":{"self":[{"href":"https:\/\/www.marmarinos.gr\/fr\/wp-json\/wp\/v2\/pages\/858"}],"collection":[{"href":"https:\/\/www.marmarinos.gr\/fr\/wp-json\/wp\/v2\/pages"}],"about":[{"href":"https:\/\/www.marmarinos.gr\/fr\/wp-json\/wp\/v2\/types\/page"}],"author":[{"embeddable":true,"href":"https:\/\/www.marmarinos.gr\/fr\/wp-json\/wp\/v2\/users\/1"}],"replies":[{"embeddable":true,"href":"https:\/\/www.marmarinos.gr\/fr\/wp-json\/wp\/v2\/comments?post=858"}],"version-history":[{"count":4,"href":"https:\/\/www.marmarinos.gr\/fr\/wp-json\/wp\/v2\/pages\/858\/revisions"}],"predecessor-version":[{"id":905,"href":"https:\/\/www.marmarinos.gr\/fr\/wp-json\/wp\/v2\/pages\/858\/revisions\/905"}],"wp:featuredmedia":[{"embeddable":true,"href":"https:\/\/www.marmarinos.gr\/fr\/wp-json\/wp\/v2\/media\/115"}],"wp:attachment":[{"href":"https:\/\/www.marmarinos.gr\/fr\/wp-json\/wp\/v2\/media?parent=858"}],"curies":[{"name":"wp","href":"https:\/\/api.w.org\/{rel}","templated":true}]}}