{"id":866,"date":"2017-10-09T10:32:54","date_gmt":"2017-10-09T10:32:54","guid":{"rendered":"http:\/\/www.marmarinos.gr\/pyrgos-tinou\/"},"modified":"2018-06-28T08:45:20","modified_gmt":"2018-06-28T08:45:20","slug":"le-village-de-pyrgos","status":"publish","type":"page","link":"https:\/\/www.marmarinos.gr\/fr\/le-village-de-pyrgos\/","title":{"rendered":"LE VILLAGE DE PYRGOS"},"content":{"rendered":"<p>\u00ab<em>\u00a0Fermez les yeux. Ecoutez les coups de burin sur le marbre qui rythment le quotidien de ce village, o\u00f9 le marbre prend souffle et vie \u2026<\/em>\u00a0\u00bb<\/p>\n<p>Connu comme foyer de l\u2019artisanat du marbre \u00e0 Tinos, le village de Pyrgos (et, plus largement, la r\u00e9gion de Panormos) a vu na\u00eetre de grands artistes grecs. Consid\u00e9r\u00e9 aujourd\u2019hui comme un mus\u00e9e en plein air, Pyrgos est inscrit sur la liste des tr\u00e9sors du patrimoine mondial culturel immat\u00e9riel de l\u2019Unesco.<\/p>\n<p>Ses carri\u00e8res de marbre, ses ateliers, mais aussi son Ecole des Beaux-Arts et ses mus\u00e9es se sont unis pour maintenir cet art s\u00e9culaire.<\/p>\n<p>Petros Marmarinos est, avec d\u2019autres artistes, un membre actif de la communaut\u00e9 historique de Pyrgos, qui perp\u00e9tue l\u2019art traditionnel de la sculpture sur marbre.<\/p>\n","protected":false},"excerpt":{"rendered":"<p>\u00ab\u00a0Fermez les yeux. Ecoutez les coups de burin sur le marbre qui rythment le quotidien de ce village, o\u00f9 le marbre prend souffle et vie \u2026\u00a0\u00bb Connu comme foyer de l\u2019artisanat du marbre \u00e0 Tinos, le village de Pyrgos (et, plus largement, la r\u00e9gion de Panormos) a vu na\u00eetre de grands artistes grecs. Consid\u00e9r\u00e9 aujourd\u2019hui [&hellip;]<\/p>\n","protected":false},"author":1,"featured_media":473,"parent":0,"menu_order":17,"comment_status":"closed","ping_status":"closed","template":"","meta":[],"_links":{"self":[{"href":"https:\/\/www.marmarinos.gr\/fr\/wp-json\/wp\/v2\/pages\/866"}],"collection":[{"href":"https:\/\/www.marmarinos.gr\/fr\/wp-json\/wp\/v2\/pages"}],"about":[{"href":"https:\/\/www.marmarinos.gr\/fr\/wp-json\/wp\/v2\/types\/page"}],"author":[{"embeddable":true,"href":"https:\/\/www.marmarinos.gr\/fr\/wp-json\/wp\/v2\/users\/1"}],"replies":[{"embeddable":true,"href":"https:\/\/www.marmarinos.gr\/fr\/wp-json\/wp\/v2\/comments?post=866"}],"version-history":[{"count":1,"href":"https:\/\/www.marmarinos.gr\/fr\/wp-json\/wp\/v2\/pages\/866\/revisions"}],"predecessor-version":[{"id":868,"href":"https:\/\/www.marmarinos.gr\/fr\/wp-json\/wp\/v2\/pages\/866\/revisions\/868"}],"wp:featuredmedia":[{"embeddable":true,"href":"https:\/\/www.marmarinos.gr\/fr\/wp-json\/wp\/v2\/media\/473"}],"wp:attachment":[{"href":"https:\/\/www.marmarinos.gr\/fr\/wp-json\/wp\/v2\/media?parent=866"}],"curies":[{"name":"wp","href":"https:\/\/api.w.org\/{rel}","templated":true}]}}