{"id":872,"date":"2017-10-09T10:37:37","date_gmt":"2017-10-09T10:37:37","guid":{"rendered":"http:\/\/www.marmarinos.gr\/oeuvres\/karavakia\/"},"modified":"2018-06-28T07:33:37","modified_gmt":"2018-06-28T07:33:37","slug":"petits-bateaux","status":"publish","type":"page","link":"https:\/\/www.marmarinos.gr\/fr\/oeuvres\/petits-bateaux\/","title":{"rendered":"PETITS BATEAUX"},"content":{"rendered":"<p><em>Tout comme les flots de la mer Eg\u00e9e ont fa\u00e7onn\u00e9 les rochers de Tinos \u00e0 travers les si\u00e8cles, ces \u00ab\u00a0petits bateaux\u00a0\u00bb semblent, eux-aussi forg\u00e9s par 3500 ans d\u2019h\u00e9ritage culturel qui marquent l\u2019\u00eele&#8230;<\/em><\/p>\n<p><em>Inspir\u00e9s par les bateaux en papier de notre enfance, ils semblent naviguer \u00e0 l\u2019infini, charg\u00e9s d\u2019un tr\u00e9sor sans \u00e2ge.<\/em><\/p>\n","protected":false},"excerpt":{"rendered":"<p>Tout comme les flots de la mer Eg\u00e9e ont fa\u00e7onn\u00e9 les rochers de Tinos \u00e0 travers les si\u00e8cles, ces \u00ab\u00a0petits bateaux\u00a0\u00bb semblent, eux-aussi forg\u00e9s par 3500 ans d\u2019h\u00e9ritage culturel qui marquent l\u2019\u00eele&#8230; Inspir\u00e9s par les bateaux en papier de notre enfance, ils semblent naviguer \u00e0 l\u2019infini, charg\u00e9s d\u2019un tr\u00e9sor sans \u00e2ge.<\/p>\n","protected":false},"author":1,"featured_media":167,"parent":869,"menu_order":1,"comment_status":"closed","ping_status":"closed","template":"","meta":[],"_links":{"self":[{"href":"https:\/\/www.marmarinos.gr\/fr\/wp-json\/wp\/v2\/pages\/872"}],"collection":[{"href":"https:\/\/www.marmarinos.gr\/fr\/wp-json\/wp\/v2\/pages"}],"about":[{"href":"https:\/\/www.marmarinos.gr\/fr\/wp-json\/wp\/v2\/types\/page"}],"author":[{"embeddable":true,"href":"https:\/\/www.marmarinos.gr\/fr\/wp-json\/wp\/v2\/users\/1"}],"replies":[{"embeddable":true,"href":"https:\/\/www.marmarinos.gr\/fr\/wp-json\/wp\/v2\/comments?post=872"}],"version-history":[{"count":1,"href":"https:\/\/www.marmarinos.gr\/fr\/wp-json\/wp\/v2\/pages\/872\/revisions"}],"predecessor-version":[{"id":873,"href":"https:\/\/www.marmarinos.gr\/fr\/wp-json\/wp\/v2\/pages\/872\/revisions\/873"}],"up":[{"embeddable":true,"href":"https:\/\/www.marmarinos.gr\/fr\/wp-json\/wp\/v2\/pages\/869"}],"wp:featuredmedia":[{"embeddable":true,"href":"https:\/\/www.marmarinos.gr\/fr\/wp-json\/wp\/v2\/media\/167"}],"wp:attachment":[{"href":"https:\/\/www.marmarinos.gr\/fr\/wp-json\/wp\/v2\/media?parent=872"}],"curies":[{"name":"wp","href":"https:\/\/api.w.org\/{rel}","templated":true}]}}