{"id":874,"date":"2017-10-09T10:37:57","date_gmt":"2017-10-09T10:37:57","guid":{"rendered":"http:\/\/www.marmarinos.gr\/oeuvres\/peristeria\/"},"modified":"2018-06-28T07:35:06","modified_gmt":"2018-06-28T07:35:06","slug":"colombes","status":"publish","type":"page","link":"https:\/\/www.marmarinos.gr\/fr\/oeuvres\/colombes\/","title":{"rendered":"COLOMBES"},"content":{"rendered":"<p><em>Taill\u00e9es dans le marbre blanc, ces colombes sont celles de l\u2019innocence, de la paix, de Tinos et de la Gr\u00e8ce. Seules ou en composition, elles ornent aujourd\u2019hui de nombreux espaces publics et priv\u00e9s \u00e0 travers le monde, mettant \u00e0 l\u2019honneur l\u2019artisanat tiniote du marbre, comme l\u2019artiste lui-m\u00eame.<\/em><\/p>\n","protected":false},"excerpt":{"rendered":"<p>Taill\u00e9es dans le marbre blanc, ces colombes sont celles de l\u2019innocence, de la paix, de Tinos et de la Gr\u00e8ce. Seules ou en composition, elles ornent aujourd\u2019hui de nombreux espaces publics et priv\u00e9s \u00e0 travers le monde, mettant \u00e0 l\u2019honneur l\u2019artisanat tiniote du marbre, comme l\u2019artiste lui-m\u00eame.<\/p>\n","protected":false},"author":1,"featured_media":234,"parent":869,"menu_order":2,"comment_status":"closed","ping_status":"closed","template":"","meta":[],"_links":{"self":[{"href":"https:\/\/www.marmarinos.gr\/fr\/wp-json\/wp\/v2\/pages\/874"}],"collection":[{"href":"https:\/\/www.marmarinos.gr\/fr\/wp-json\/wp\/v2\/pages"}],"about":[{"href":"https:\/\/www.marmarinos.gr\/fr\/wp-json\/wp\/v2\/types\/page"}],"author":[{"embeddable":true,"href":"https:\/\/www.marmarinos.gr\/fr\/wp-json\/wp\/v2\/users\/1"}],"replies":[{"embeddable":true,"href":"https:\/\/www.marmarinos.gr\/fr\/wp-json\/wp\/v2\/comments?post=874"}],"version-history":[{"count":1,"href":"https:\/\/www.marmarinos.gr\/fr\/wp-json\/wp\/v2\/pages\/874\/revisions"}],"predecessor-version":[{"id":875,"href":"https:\/\/www.marmarinos.gr\/fr\/wp-json\/wp\/v2\/pages\/874\/revisions\/875"}],"up":[{"embeddable":true,"href":"https:\/\/www.marmarinos.gr\/fr\/wp-json\/wp\/v2\/pages\/869"}],"wp:featuredmedia":[{"embeddable":true,"href":"https:\/\/www.marmarinos.gr\/fr\/wp-json\/wp\/v2\/media\/234"}],"wp:attachment":[{"href":"https:\/\/www.marmarinos.gr\/fr\/wp-json\/wp\/v2\/media?parent=874"}],"curies":[{"name":"wp","href":"https:\/\/api.w.org\/{rel}","templated":true}]}}