{"id":881,"date":"2017-10-09T10:56:20","date_gmt":"2017-10-09T10:56:20","guid":{"rendered":"http:\/\/www.marmarinos.gr\/oeuvres\/piateles\/"},"modified":"2018-06-28T07:43:43","modified_gmt":"2018-06-28T07:43:43","slug":"plats","status":"publish","type":"page","link":"https:\/\/www.marmarinos.gr\/fr\/oeuvres\/plats\/","title":{"rendered":"PLATS"},"content":{"rendered":"<p><em>Inspir\u00e9s des bols ou \u00ab\u00a0coupes\u00a0\u00bb que connaissait la civilisation cycladique il y a 2500 ans, ces plats en marbre massif se d\u00e9clinent en naturel ou en plusieurs teintes, avec une finition main lisse et raffin\u00e9e. Les veines et les divers coloris du marbre en font des objets tout \u00e0 la fois d\u00e9coratifs et fonctionnels. <\/em><\/p>\n","protected":false},"excerpt":{"rendered":"<p>Inspir\u00e9s des bols ou \u00ab\u00a0coupes\u00a0\u00bb que connaissait la civilisation cycladique il y a 2500 ans, ces plats en marbre massif se d\u00e9clinent en naturel ou en plusieurs teintes, avec une finition main lisse et raffin\u00e9e. Les veines et les divers coloris du marbre en font des objets tout \u00e0 la fois d\u00e9coratifs et fonctionnels.<\/p>\n","protected":false},"author":1,"featured_media":310,"parent":869,"menu_order":6,"comment_status":"closed","ping_status":"closed","template":"","meta":[],"_links":{"self":[{"href":"https:\/\/www.marmarinos.gr\/fr\/wp-json\/wp\/v2\/pages\/881"}],"collection":[{"href":"https:\/\/www.marmarinos.gr\/fr\/wp-json\/wp\/v2\/pages"}],"about":[{"href":"https:\/\/www.marmarinos.gr\/fr\/wp-json\/wp\/v2\/types\/page"}],"author":[{"embeddable":true,"href":"https:\/\/www.marmarinos.gr\/fr\/wp-json\/wp\/v2\/users\/1"}],"replies":[{"embeddable":true,"href":"https:\/\/www.marmarinos.gr\/fr\/wp-json\/wp\/v2\/comments?post=881"}],"version-history":[{"count":1,"href":"https:\/\/www.marmarinos.gr\/fr\/wp-json\/wp\/v2\/pages\/881\/revisions"}],"predecessor-version":[{"id":882,"href":"https:\/\/www.marmarinos.gr\/fr\/wp-json\/wp\/v2\/pages\/881\/revisions\/882"}],"up":[{"embeddable":true,"href":"https:\/\/www.marmarinos.gr\/fr\/wp-json\/wp\/v2\/pages\/869"}],"wp:featuredmedia":[{"embeddable":true,"href":"https:\/\/www.marmarinos.gr\/fr\/wp-json\/wp\/v2\/media\/310"}],"wp:attachment":[{"href":"https:\/\/www.marmarinos.gr\/fr\/wp-json\/wp\/v2\/media?parent=881"}],"curies":[{"name":"wp","href":"https:\/\/api.w.org\/{rel}","templated":true}]}}