{"id":883,"date":"2017-10-08T10:50:01","date_gmt":"2017-10-08T10:50:01","guid":{"rendered":"http:\/\/www.marmarinos.gr\/oeuvres\/antikeimena\/"},"modified":"2018-06-28T07:49:36","modified_gmt":"2018-06-28T07:49:36","slug":"l-art-utilitaire","status":"publish","type":"page","link":"https:\/\/www.marmarinos.gr\/fr\/oeuvres\/l-art-utilitaire\/","title":{"rendered":"L\u2019ART \u201cUTILITAIRE\u201d"},"content":{"rendered":"<p><em>\u00ab\u00a0Les objets \u00e0 la fois d\u00e9coratifs et fonctionnels sont toujours un d\u00e9fi pour le sculpteur&#8230; Des objets de petite ou moyenne taille qui n\u2019en restent pas moins des micro-sculptures uniques\u00a0\u00bb <\/em><\/p>\n","protected":false},"excerpt":{"rendered":"<p>\u00ab\u00a0Les objets \u00e0 la fois d\u00e9coratifs et fonctionnels sont toujours un d\u00e9fi pour le sculpteur&#8230; Des objets de petite ou moyenne taille qui n\u2019en restent pas moins des micro-sculptures uniques\u00a0\u00bb<\/p>\n","protected":false},"author":1,"featured_media":257,"parent":869,"menu_order":8,"comment_status":"closed","ping_status":"closed","template":"","meta":[],"_links":{"self":[{"href":"https:\/\/www.marmarinos.gr\/fr\/wp-json\/wp\/v2\/pages\/883"}],"collection":[{"href":"https:\/\/www.marmarinos.gr\/fr\/wp-json\/wp\/v2\/pages"}],"about":[{"href":"https:\/\/www.marmarinos.gr\/fr\/wp-json\/wp\/v2\/types\/page"}],"author":[{"embeddable":true,"href":"https:\/\/www.marmarinos.gr\/fr\/wp-json\/wp\/v2\/users\/1"}],"replies":[{"embeddable":true,"href":"https:\/\/www.marmarinos.gr\/fr\/wp-json\/wp\/v2\/comments?post=883"}],"version-history":[{"count":1,"href":"https:\/\/www.marmarinos.gr\/fr\/wp-json\/wp\/v2\/pages\/883\/revisions"}],"predecessor-version":[{"id":884,"href":"https:\/\/www.marmarinos.gr\/fr\/wp-json\/wp\/v2\/pages\/883\/revisions\/884"}],"up":[{"embeddable":true,"href":"https:\/\/www.marmarinos.gr\/fr\/wp-json\/wp\/v2\/pages\/869"}],"wp:featuredmedia":[{"embeddable":true,"href":"https:\/\/www.marmarinos.gr\/fr\/wp-json\/wp\/v2\/media\/257"}],"wp:attachment":[{"href":"https:\/\/www.marmarinos.gr\/fr\/wp-json\/wp\/v2\/media?parent=883"}],"curies":[{"name":"wp","href":"https:\/\/api.w.org\/{rel}","templated":true}]}}